{"id":253,"date":"2022-11-15T20:53:08","date_gmt":"2022-11-15T20:53:08","guid":{"rendered":"https:\/\/novapreg.com\/?page_id=253"},"modified":"2022-11-28T23:13:16","modified_gmt":"2022-11-28T23:13:16","slug":"conocimiento-e-innovacion","status":"publish","type":"page","link":"https:\/\/novapreg.com\/index.php\/conocimiento-e-innovacion\/","title":{"rendered":"Conocimiento e Innovaci\u00f3n"},"content":{"rendered":"\t\t<div data-elementor-type=\"wp-page\" data-elementor-id=\"253\" class=\"elementor elementor-253\" data-elementor-settings=\"[]\">\n\t\t\t\t\t\t<div class=\"elementor-inner\">\n\t\t\t\t\t\t\t<div class=\"elementor-section-wrap\">\n\t\t\t\t\t\t\t<section class=\"elementor-section elementor-top-section elementor-element elementor-element-88acc37 elementor-section-full_width elementor-section-stretched elementor-section-height-default elementor-section-height-default\" data-id=\"88acc37\" data-element_type=\"section\" data-settings=\"{&quot;stretch_section&quot;:&quot;section-stretched&quot;}\">\n\t\t\t\t\t\t<div class=\"elementor-container elementor-column-gap-default\">\n\t\t\t\t\t\t\t<div class=\"elementor-row\">\n\t\t\t\t\t<div class=\"elementor-column elementor-col-100 elementor-top-column elementor-element elementor-element-3616767\" data-id=\"3616767\" data-element_type=\"column\">\n\t\t\t<div class=\"elementor-column-wrap elementor-element-populated\">\n\t\t\t\t\t\t\t<div class=\"elementor-widget-wrap\">\n\t\t\t\t\t\t<div class=\"elementor-element elementor-element-f2353e9 elementor-invisible elementor-widget elementor-widget-image\" data-id=\"f2353e9\" data-element_type=\"widget\" data-settings=\"{&quot;_animation&quot;:&quot;bounceInDown&quot;}\" data-widget_type=\"image.default\">\n\t\t\t\t<div class=\"elementor-widget-container\">\n\t\t\t\t\t<div class=\"elementor-image\">\n\t\t\t\t\t\t\t\t\t\t<img width=\"1857\" height=\"524\" src=\"https:\/\/novapreg.com\/wp-content\/uploads\/2022\/11\/kijlkm.jpg\" class=\"attachment-full size-full\" alt=\"\" loading=\"lazy\" srcset=\"https:\/\/novapreg.com\/wp-content\/uploads\/2022\/11\/kijlkm.jpg 1857w, https:\/\/novapreg.com\/wp-content\/uploads\/2022\/11\/kijlkm-300x85.jpg 300w, https:\/\/novapreg.com\/wp-content\/uploads\/2022\/11\/kijlkm-1024x289.jpg 1024w, https:\/\/novapreg.com\/wp-content\/uploads\/2022\/11\/kijlkm-768x217.jpg 768w, https:\/\/novapreg.com\/wp-content\/uploads\/2022\/11\/kijlkm-1536x433.jpg 1536w\" sizes=\"(max-width: 1857px) 100vw, 1857px\" \/>\t\t\t\t\t\t\t\t\t\t\t<\/div>\n\t\t\t\t<\/div>\n\t\t\t\t<\/div>\n\t\t\t\t\t\t<\/div>\n\t\t\t\t\t<\/div>\n\t\t<\/div>\n\t\t\t\t\t\t\t\t<\/div>\n\t\t\t\t\t<\/div>\n\t\t<\/section>\n\t\t\t\t<section class=\"elementor-section elementor-top-section elementor-element elementor-element-b8e83ce elementor-section-boxed elementor-section-height-default elementor-section-height-default\" data-id=\"b8e83ce\" data-element_type=\"section\">\n\t\t\t\t\t\t<div class=\"elementor-container elementor-column-gap-default\">\n\t\t\t\t\t\t\t<div class=\"elementor-row\">\n\t\t\t\t\t<div class=\"elementor-column elementor-col-100 elementor-top-column elementor-element elementor-element-a2861ea\" data-id=\"a2861ea\" data-element_type=\"column\">\n\t\t\t<div class=\"elementor-column-wrap elementor-element-populated\">\n\t\t\t\t\t\t\t<div class=\"elementor-widget-wrap\">\n\t\t\t\t\t\t<div class=\"elementor-element elementor-element-8504fb3 elementor-widget elementor-widget-text-editor\" data-id=\"8504fb3\" data-element_type=\"widget\" data-widget_type=\"text-editor.default\">\n\t\t\t\t<div class=\"elementor-widget-container\">\n\t\t\t\t\t<div class=\"elementor-text-editor elementor-clearfix\"><\/div>\n\t\t\t\t<\/div>\n\t\t\t\t<\/div>\n\t\t\t\t\t\t<\/div>\n\t\t\t\t\t<\/div>\n\t\t<\/div>\n\t\t\t\t\t\t\t\t<\/div>\n\t\t\t\t\t<\/div>\n\t\t<\/section>\n\t\t\t\t<section class=\"elementor-section elementor-top-section elementor-element elementor-element-feb6ca1 elementor-section-boxed elementor-section-height-default elementor-section-height-default\" data-id=\"feb6ca1\" data-element_type=\"section\">\n\t\t\t\t\t\t<div class=\"elementor-container elementor-column-gap-default\">\n\t\t\t\t\t\t\t<div class=\"elementor-row\">\n\t\t\t\t\t<div class=\"elementor-column elementor-col-100 elementor-top-column elementor-element elementor-element-d097009\" data-id=\"d097009\" data-element_type=\"column\">\n\t\t\t<div class=\"elementor-column-wrap\">\n\t\t\t\t\t\t\t<div class=\"elementor-widget-wrap\">\n\t\t\t\t\t\t\t\t<\/div>\n\t\t\t\t\t<\/div>\n\t\t<\/div>\n\t\t\t\t\t\t\t\t<\/div>\n\t\t\t\t\t<\/div>\n\t\t<\/section>\n\t\t\t\t<section class=\"elementor-section elementor-top-section elementor-element elementor-element-a09b13e elementor-section-boxed elementor-section-height-default elementor-section-height-default\" data-id=\"a09b13e\" data-element_type=\"section\">\n\t\t\t\t\t\t<div class=\"elementor-container elementor-column-gap-default\">\n\t\t\t\t\t\t\t<div class=\"elementor-row\">\n\t\t\t\t\t<div class=\"elementor-column elementor-col-33 elementor-top-column elementor-element elementor-element-3b049f3\" data-id=\"3b049f3\" data-element_type=\"column\">\n\t\t\t<div class=\"elementor-column-wrap\">\n\t\t\t\t\t\t\t<div class=\"elementor-widget-wrap\">\n\t\t\t\t\t\t\t\t<\/div>\n\t\t\t\t\t<\/div>\n\t\t<\/div>\n\t\t\t\t<div class=\"elementor-column elementor-col-66 elementor-top-column elementor-element elementor-element-b964944\" data-id=\"b964944\" data-element_type=\"column\">\n\t\t\t<div class=\"elementor-column-wrap\">\n\t\t\t\t\t\t\t<div class=\"elementor-widget-wrap\">\n\t\t\t\t\t\t\t\t<\/div>\n\t\t\t\t\t<\/div>\n\t\t<\/div>\n\t\t\t\t\t\t\t\t<\/div>\n\t\t\t\t\t<\/div>\n\t\t<\/section>\n\t\t\t\t\t\t<\/div>\n\t\t\t\t\t\t<\/div>\n\t\t\t\t\t<\/div>\n\t\t","protected":false},"excerpt":{"rendered":"","protected":false},"author":1,"featured_media":0,"parent":0,"menu_order":0,"comment_status":"closed","ping_status":"closed","template":"","meta":{"om_disable_all_campaigns":false,"_monsterinsights_skip_tracking":false,"_monsterinsights_sitenote_active":false,"_monsterinsights_sitenote_note":"","_monsterinsights_sitenote_category":0,"site-sidebar-layout":"no-sidebar","site-content-layout":"page-builder","ast-global-header-display":"","ast-main-header-display":"","ast-hfb-above-header-display":"","ast-hfb-below-header-display":"","ast-hfb-mobile-header-display":"","site-post-title":"disabled","ast-breadcrumbs-content":"","ast-featured-img":"disabled","footer-sml-layout":"","theme-transparent-header-meta":"","adv-header-id-meta":"","stick-header-meta":"","header-above-stick-meta":"","header-main-stick-meta":"","header-below-stick-meta":"","_joinchat":[]},"aioseo_notices":[],"jetpack-related-posts":[{"id":88,"url":"https:\/\/novapreg.com\/index.php\/sobre-nosotros\/","url_meta":{"origin":253,"position":0},"title":"Sobre Nosotros","date":"November 15, 2022","format":false,"excerpt":"Qui\u00e9nes somos Nova Prevenci\u00f3n & Gesti\u00f3n SAS \/ NOVAP&G SAS, es una sociedad por acciones simplificadas registradas en la c\u00e1mara de comercio de Bogot\u00e1 D.C.A trav\u00e9s de los servicios de consultor\u00eda, asesor\u00eda, capacitaci\u00f3n, auditor\u00eda, ingenier\u00eda e interventor\u00eda, ofrecemos soluciones innovadoras que permiten gestionar integralmente cualquier riesgo organizacional. Facilitamos nuestra experiencia\u2026","rel":"","context":"Similar post","img":{"alt_text":"","src":"https:\/\/i0.wp.com\/novapreg.com\/wp-content\/uploads\/2022\/11\/sobre-nosotros-1-1024x289.jpg?resize=350%2C200","width":350,"height":200},"classes":[]},{"id":109,"url":"https:\/\/novapreg.com\/index.php\/conoce-nuestros-servicios\/","url_meta":{"origin":253,"position":1},"title":"Conoce Nuestros Servicios","date":"November 15, 2022","format":false,"excerpt":"NUESTROS SERVICIOS Seguridad y Salud en el Trabajo Dise\u00f1o, implementaci\u00f3n, auditor\u00eda y\/o administraci\u00f3n, para su empresa, del Sistema de Gesti\u00f3n de la Seguridad y Salud en el Trabajo - SGSST.Investigaci\u00f3n en \u00e1reas t\u00e9cnicas, incidentes y\/o accidentes de trabajo.Auditor\u00edas internas del SG-SST con base al Decreto 1072 de 2015, la Resoluci\u00f3n\u2026","rel":"","context":"Similar post","img":{"alt_text":"","src":"https:\/\/i0.wp.com\/novapreg.com\/wp-content\/uploads\/2022\/11\/Servicios-1024x348.jpg?resize=350%2C200","width":350,"height":200},"classes":[]},{"id":2,"url":"https:\/\/novapreg.com\/","url_meta":{"origin":253,"position":2},"title":"Inicio","date":"October 26, 2022","format":false,"excerpt":"Previous Next Previous Next \u00bfQu\u00e9 hacemos por ti y tu Empresa? Somos expertos en Seguridad y Salud en el Trabajo - SST; Ofrecemos soluciones integrales para el dise\u00f1o, administraci\u00f3n y ejecuci\u00f3n del Sistema de Gesti\u00f3n de la Seguridad y Salud en el Trabajo - SGSST. Gestionamos tus peligros, amenazas, vulnerabilidades\u2026","rel":"","context":"Similar post","img":{"alt_text":"","src":"","width":0,"height":0},"classes":[]},{"id":543,"url":"https:\/\/novapreg.com\/index.php\/politica-de-privacidad-de-datos\/","url_meta":{"origin":253,"position":3},"title":"Privacidad de Datos","date":"November 25, 2022","format":false,"excerpt":"Pol\u00edtica de Privacidad de Datos \u00a0 POL\u00cdTICA DE PRIVACIDAD \u00a0 El presente Pol\u00edtica de Privacidad establece los t\u00e9rminos en que NOVA PREVENCI\u00d3N & GESTI\u00d3N SAS \/ NOVAP&G SAS,\u00a0 usa y protege la informaci\u00f3n que es proporcionada por sus usuarios al momento de utilizar su sitio web. Esta compa\u00f1\u00eda est\u00e1 comprometida\u2026","rel":"","context":"Similar post","img":{"alt_text":"","src":"","width":0,"height":0},"classes":[]}],"_links":{"self":[{"href":"https:\/\/novapreg.com\/index.php\/wp-json\/wp\/v2\/pages\/253"}],"collection":[{"href":"https:\/\/novapreg.com\/index.php\/wp-json\/wp\/v2\/pages"}],"about":[{"href":"https:\/\/novapreg.com\/index.php\/wp-json\/wp\/v2\/types\/page"}],"author":[{"embeddable":true,"href":"https:\/\/novapreg.com\/index.php\/wp-json\/wp\/v2\/users\/1"}],"replies":[{"embeddable":true,"href":"https:\/\/novapreg.com\/index.php\/wp-json\/wp\/v2\/comments?post=253"}],"version-history":[{"count":12,"href":"https:\/\/novapreg.com\/index.php\/wp-json\/wp\/v2\/pages\/253\/revisions"}],"predecessor-version":[{"id":725,"href":"https:\/\/novapreg.com\/index.php\/wp-json\/wp\/v2\/pages\/253\/revisions\/725"}],"wp:attachment":[{"href":"https:\/\/novapreg.com\/index.php\/wp-json\/wp\/v2\/media?parent=253"}],"curies":[{"name":"wp","href":"https:\/\/api.w.org\/{rel}","templated":true}]}}